{"id":28,"date":"2026-02-17T17:19:15","date_gmt":"2026-02-17T17:19:15","guid":{"rendered":"https:\/\/cybnt-ec.com\/dienstleistungen\/"},"modified":"2026-02-18T12:49:06","modified_gmt":"2026-02-18T12:49:06","slug":"dienstleistungen","status":"publish","type":"page","link":"https:\/\/cybnt-ec.com\/es_es\/dienstleistungen\/","title":{"rendered":"Servicios"},"content":{"rendered":"\n<div class=\"wp-block-group alignfull is-style-ext-preset--group--natural-1--section has-background-background-color has-background has-global-padding is-layout-constrained wp-container-core-group-is-layout-e955bbaf wp-block-group-is-layout-constrained\" id=\"dienstleistungen\" style=\"margin-top:0;margin-bottom:0;padding-top:var(--wp--preset--spacing--70);padding-bottom:var(--wp--preset--spacing--70)\">\n<div class=\"wp-block-group alignwide is-vertical is-content-justification-center is-layout-flex wp-container-core-group-is-layout-c9ee0c5a wp-block-group-is-layout-flex\">\n<div class=\"wp-block-group has-global-padding is-layout-constrained wp-container-core-group-is-layout-2287c683 wp-block-group-is-layout-constrained\">\n<h2 class=\"wp-block-heading has-text-align-center\">Umfassende Mehrsprachen-Dienstleistungen f\u00fcr Bauprojekte<\/h2>\n\n\n\n<p class=\"has-text-align-center\">Entdecken Sie unsere vielf\u00e4ltigen Angebote: Sanierung, Elektro, Malerarbeiten und mehr, stets mit h\u00f6chster Qualit\u00e4t und Kundenzufriedenheit.<\/p>\n<\/div>\n<\/div>\n\n\n\n<div class=\"wp-block-columns alignwide is-layout-flex wp-container-core-columns-is-layout-08c01c1c wp-block-columns-is-layout-flex\">\n<div class=\"wp-block-column is-layout-flow wp-block-column-is-layout-flow\">\n<div class=\"wp-block-group is-style-ext-preset--group--natural-1--item-card-1--align-center has-global-padding is-layout-constrained wp-block-group-is-layout-constrained is-style-ext-preset--group--natural-1--item-card-1--align-center--2\">\n<figure class=\"wp-block-image\"><img loading=\"lazy\" decoding=\"async\" width=\"1440\" height=\"810\" class=\"wp-image-52\" src=\"https:\/\/cybnt-ec.com\/wp-content\/uploads\/2026\/02\/7041fb3fc73f852a7908e634a6a0c9143eef6d64.jpg\" alt=\"\" style=\"aspect-ratio:4\/3;object-fit:cover\" srcset=\"https:\/\/cybnt-ec.com\/wp-content\/uploads\/2026\/02\/7041fb3fc73f852a7908e634a6a0c9143eef6d64.jpg 1440w, https:\/\/cybnt-ec.com\/wp-content\/uploads\/2026\/02\/7041fb3fc73f852a7908e634a6a0c9143eef6d64-300x169.jpg 300w, https:\/\/cybnt-ec.com\/wp-content\/uploads\/2026\/02\/7041fb3fc73f852a7908e634a6a0c9143eef6d64-1024x576.jpg 1024w, https:\/\/cybnt-ec.com\/wp-content\/uploads\/2026\/02\/7041fb3fc73f852a7908e634a6a0c9143eef6d64-768x432.jpg 768w, https:\/\/cybnt-ec.com\/wp-content\/uploads\/2026\/02\/7041fb3fc73f852a7908e634a6a0c9143eef6d64-18x10.jpg 18w\" sizes=\"auto, (max-width: 1440px) 100vw, 1440px\" \/><\/figure>\n\n\n\n<div class=\"wp-block-group is-style-default has-global-padding is-layout-constrained wp-block-group-is-layout-constrained\">\n<h3 class=\"wp-block-heading has-text-align-center\">Sanierungsarbeiten<\/h3>\n\n\n\n<p class=\"has-text-align-center\">Wir f\u00fchren Sanierungen durch, die genau auf Ihre Bed\u00fcrfnisse zugeschnitten sind.<\/p>\n<\/div>\n<\/div>\n<\/div>\n\n\n\n<div class=\"wp-block-column is-layout-flow wp-block-column-is-layout-flow\">\n<div class=\"wp-block-group is-style-ext-preset--group--natural-1--item-card-1--align-center has-global-padding is-layout-constrained wp-block-group-is-layout-constrained is-style-ext-preset--group--natural-1--item-card-1--align-center--3\">\n<figure class=\"wp-block-image\"><img loading=\"lazy\" decoding=\"async\" width=\"1440\" height=\"960\" class=\"wp-image-53\" src=\"https:\/\/cybnt-ec.com\/wp-content\/uploads\/2026\/02\/b13ae54f33f51bb58b739856427dd2e22af3f5f9.jpg\" alt=\"\" style=\"aspect-ratio:4\/3;object-fit:cover\" srcset=\"https:\/\/cybnt-ec.com\/wp-content\/uploads\/2026\/02\/b13ae54f33f51bb58b739856427dd2e22af3f5f9.jpg 1440w, https:\/\/cybnt-ec.com\/wp-content\/uploads\/2026\/02\/b13ae54f33f51bb58b739856427dd2e22af3f5f9-300x200.jpg 300w, https:\/\/cybnt-ec.com\/wp-content\/uploads\/2026\/02\/b13ae54f33f51bb58b739856427dd2e22af3f5f9-1024x683.jpg 1024w, https:\/\/cybnt-ec.com\/wp-content\/uploads\/2026\/02\/b13ae54f33f51bb58b739856427dd2e22af3f5f9-768x512.jpg 768w, https:\/\/cybnt-ec.com\/wp-content\/uploads\/2026\/02\/b13ae54f33f51bb58b739856427dd2e22af3f5f9-18x12.jpg 18w\" sizes=\"auto, (max-width: 1440px) 100vw, 1440px\" \/><\/figure>\n\n\n\n<div class=\"wp-block-group is-style-default has-global-padding is-layout-constrained wp-block-group-is-layout-constrained\">\n<h3 class=\"wp-block-heading has-text-align-center\">Elektroinstallationen<\/h3>\n\n\n\n<p class=\"has-text-align-center\">Professionelle Elektroarbeiten f\u00fcr sichere und moderne Geb\u00e4udeinstallationen.<\/p>\n<\/div>\n<\/div>\n<\/div>\n\n\n\n<div class=\"wp-block-column is-layout-flow wp-block-column-is-layout-flow\">\n<div class=\"wp-block-group is-style-ext-preset--group--natural-1--item-card-1--align-center has-global-padding is-layout-constrained wp-block-group-is-layout-constrained is-style-ext-preset--group--natural-1--item-card-1--align-center--4\">\n<figure class=\"wp-block-image\"><img loading=\"lazy\" decoding=\"async\" width=\"1152\" height=\"1440\" class=\"wp-image-54\" src=\"https:\/\/cybnt-ec.com\/wp-content\/uploads\/2026\/02\/6175ddc1226a07611a15883ff21bcb7e0064edba.jpg\" alt=\"\" style=\"aspect-ratio:4\/3;object-fit:cover\" srcset=\"https:\/\/cybnt-ec.com\/wp-content\/uploads\/2026\/02\/6175ddc1226a07611a15883ff21bcb7e0064edba.jpg 1152w, https:\/\/cybnt-ec.com\/wp-content\/uploads\/2026\/02\/6175ddc1226a07611a15883ff21bcb7e0064edba-240x300.jpg 240w, https:\/\/cybnt-ec.com\/wp-content\/uploads\/2026\/02\/6175ddc1226a07611a15883ff21bcb7e0064edba-819x1024.jpg 819w, https:\/\/cybnt-ec.com\/wp-content\/uploads\/2026\/02\/6175ddc1226a07611a15883ff21bcb7e0064edba-768x960.jpg 768w, https:\/\/cybnt-ec.com\/wp-content\/uploads\/2026\/02\/6175ddc1226a07611a15883ff21bcb7e0064edba-10x12.jpg 10w\" sizes=\"auto, (max-width: 1152px) 100vw, 1152px\" \/><\/figure>\n\n\n\n<div class=\"wp-block-group is-style-default has-global-padding is-layout-constrained wp-block-group-is-layout-constrained\">\n<h3 class=\"wp-block-heading has-text-align-center\">Maler- und Lackierarbeiten<\/h3>\n\n\n\n<p class=\"has-text-align-center\">Hochwertige Malerarbeiten, die Ihrem Zuhause neuen Glanz verleihen.<\/p>\n<\/div>\n<\/div>\n<\/div>\n<\/div>\n<\/div>\n\n<div class=\"wp-block-group alignfull is-style-ext-preset--group--natural-1--section has-tertiary-background-color has-background has-global-padding is-layout-constrained wp-container-core-group-is-layout-e955bbaf wp-block-group-is-layout-constrained\" id=\"funktionen\" style=\"margin-top:0;margin-bottom:0;padding-top:var(--wp--preset--spacing--70);padding-bottom:var(--wp--preset--spacing--70)\">\n<div class=\"wp-block-group alignwide is-vertical is-content-justification-center is-layout-flex wp-container-core-group-is-layout-c9ee0c5a wp-block-group-is-layout-flex\">\n<div class=\"wp-block-group has-global-padding is-layout-constrained wp-container-core-group-is-layout-2287c683 wp-block-group-is-layout-constrained\">\n<h2 class=\"wp-block-heading has-text-align-center\">M\u00f6belmontage in Torrevieja mit Pr\u00e4zision<\/h2>\n\n\n\n<p class=\"has-text-align-center\">CybNT-EC bietet vielseitige Bauleistungen, die Sanierung, Elektroinstallation und Handwerkskunst nahtlos verbinden.<\/p>\n<\/div>\n<\/div>\n\n\n\n<div class=\"wp-block-columns alignwide is-layout-flex wp-container-core-columns-is-layout-08c01c1c wp-block-columns-is-layout-flex\">\n<div class=\"wp-block-column is-layout-flow wp-block-column-is-layout-flow\">\n<div class=\"wp-block-group is-style-ext-preset--group--natural-1--item-card-1--align-center has-global-padding is-layout-constrained wp-block-group-is-layout-constrained is-style-ext-preset--group--natural-1--item-card-1--align-center--6\">\n<figure class=\"wp-block-image\"><img loading=\"lazy\" decoding=\"async\" width=\"1440\" height=\"810\" class=\"wp-image-52\" src=\"https:\/\/cybnt-ec.com\/wp-content\/uploads\/2026\/02\/7041fb3fc73f852a7908e634a6a0c9143eef6d64.jpg\" alt=\"\" style=\"aspect-ratio:4\/3;object-fit:cover\" srcset=\"https:\/\/cybnt-ec.com\/wp-content\/uploads\/2026\/02\/7041fb3fc73f852a7908e634a6a0c9143eef6d64.jpg 1440w, https:\/\/cybnt-ec.com\/wp-content\/uploads\/2026\/02\/7041fb3fc73f852a7908e634a6a0c9143eef6d64-300x169.jpg 300w, https:\/\/cybnt-ec.com\/wp-content\/uploads\/2026\/02\/7041fb3fc73f852a7908e634a6a0c9143eef6d64-1024x576.jpg 1024w, https:\/\/cybnt-ec.com\/wp-content\/uploads\/2026\/02\/7041fb3fc73f852a7908e634a6a0c9143eef6d64-768x432.jpg 768w, https:\/\/cybnt-ec.com\/wp-content\/uploads\/2026\/02\/7041fb3fc73f852a7908e634a6a0c9143eef6d64-18x10.jpg 18w\" sizes=\"auto, (max-width: 1440px) 100vw, 1440px\" \/><\/figure>\n\n\n\n<div class=\"wp-block-group is-style-default has-global-padding is-layout-constrained wp-block-group-is-layout-constrained\">\n<h3 class=\"wp-block-heading has-text-align-center\">Sanierungsservice<\/h3>\n\n\n\n<p class=\"has-text-align-center\">Wir erneuern Ihre R\u00e4ume fachgerecht und mit hochwertigen Materialien.<\/p>\n<\/div>\n<\/div>\n<\/div>\n\n\n\n<div class=\"wp-block-column is-layout-flow wp-block-column-is-layout-flow\">\n<div class=\"wp-block-group is-style-ext-preset--group--natural-1--item-card-1--align-center has-global-padding is-layout-constrained wp-block-group-is-layout-constrained is-style-ext-preset--group--natural-1--item-card-1--align-center--7\">\n<figure class=\"wp-block-image\"><img loading=\"lazy\" decoding=\"async\" width=\"1440\" height=\"960\" class=\"wp-image-53\" src=\"https:\/\/cybnt-ec.com\/wp-content\/uploads\/2026\/02\/b13ae54f33f51bb58b739856427dd2e22af3f5f9.jpg\" alt=\"\" style=\"aspect-ratio:4\/3;object-fit:cover\" srcset=\"https:\/\/cybnt-ec.com\/wp-content\/uploads\/2026\/02\/b13ae54f33f51bb58b739856427dd2e22af3f5f9.jpg 1440w, https:\/\/cybnt-ec.com\/wp-content\/uploads\/2026\/02\/b13ae54f33f51bb58b739856427dd2e22af3f5f9-300x200.jpg 300w, https:\/\/cybnt-ec.com\/wp-content\/uploads\/2026\/02\/b13ae54f33f51bb58b739856427dd2e22af3f5f9-1024x683.jpg 1024w, https:\/\/cybnt-ec.com\/wp-content\/uploads\/2026\/02\/b13ae54f33f51bb58b739856427dd2e22af3f5f9-768x512.jpg 768w, https:\/\/cybnt-ec.com\/wp-content\/uploads\/2026\/02\/b13ae54f33f51bb58b739856427dd2e22af3f5f9-18x12.jpg 18w\" sizes=\"auto, (max-width: 1440px) 100vw, 1440px\" \/><\/figure>\n\n\n\n<div class=\"wp-block-group is-style-default has-global-padding is-layout-constrained wp-block-group-is-layout-constrained\">\n<h3 class=\"wp-block-heading has-text-align-center\">Elektroinstallationen<\/h3>\n\n\n\n<p class=\"has-text-align-center\">Sichere und moderne Elektroarbeiten f\u00fcr Ihr Zuhause oder B\u00fcro.<\/p>\n<\/div>\n<\/div>\n<\/div>\n\n\n\n<div class=\"wp-block-column is-layout-flow wp-block-column-is-layout-flow\">\n<div class=\"wp-block-group is-style-ext-preset--group--natural-1--item-card-1--align-center has-global-padding is-layout-constrained wp-block-group-is-layout-constrained is-style-ext-preset--group--natural-1--item-card-1--align-center--8\">\n<figure class=\"wp-block-image\"><img loading=\"lazy\" decoding=\"async\" width=\"1152\" height=\"1440\" class=\"wp-image-54\" src=\"https:\/\/cybnt-ec.com\/wp-content\/uploads\/2026\/02\/6175ddc1226a07611a15883ff21bcb7e0064edba.jpg\" alt=\"\" style=\"aspect-ratio:4\/3;object-fit:cover\" srcset=\"https:\/\/cybnt-ec.com\/wp-content\/uploads\/2026\/02\/6175ddc1226a07611a15883ff21bcb7e0064edba.jpg 1152w, https:\/\/cybnt-ec.com\/wp-content\/uploads\/2026\/02\/6175ddc1226a07611a15883ff21bcb7e0064edba-240x300.jpg 240w, https:\/\/cybnt-ec.com\/wp-content\/uploads\/2026\/02\/6175ddc1226a07611a15883ff21bcb7e0064edba-819x1024.jpg 819w, https:\/\/cybnt-ec.com\/wp-content\/uploads\/2026\/02\/6175ddc1226a07611a15883ff21bcb7e0064edba-768x960.jpg 768w, https:\/\/cybnt-ec.com\/wp-content\/uploads\/2026\/02\/6175ddc1226a07611a15883ff21bcb7e0064edba-10x12.jpg 10w\" sizes=\"auto, (max-width: 1152px) 100vw, 1152px\" \/><\/figure>\n\n\n\n<div class=\"wp-block-group is-style-default has-global-padding is-layout-constrained wp-block-group-is-layout-constrained\">\n<h3 class=\"wp-block-heading has-text-align-center\">Fu\u00dfbodenheizung<\/h3>\n\n\n\n<p class=\"has-text-align-center\">Effiziente Installation f\u00fcr angenehme W\u00e4rme in jedem Raum.<\/p>\n<\/div>\n<\/div>\n<\/div>\n<\/div>\n<\/div>\n\n<div class=\"wp-block-group alignfull is-style-ext-preset--group--natural-1--section has-background-background-color has-background has-global-padding is-layout-constrained wp-container-core-group-is-layout-ab56ae29 wp-block-group-is-layout-constrained\" id=\"jetzt-buchen\" style=\"margin-top:0;margin-bottom:0;padding-top:var(--wp--preset--spacing--70);padding-bottom:var(--wp--preset--spacing--70)\">\n<div class=\"wp-block-group alignwide is-vertical is-content-justification-center is-layout-flex wp-container-core-group-is-layout-c9ee0c5a wp-block-group-is-layout-flex\">\n<div class=\"wp-block-group has-global-padding is-layout-constrained wp-container-core-group-is-layout-dd32767c wp-block-group-is-layout-constrained\">\n<h2 class=\"wp-block-heading has-text-align-center\">Fachm\u00e4nnische Malerarbeiten f\u00fcr Ihr Zuhause<\/h2>\n\n\n\n<p class=\"has-text-align-center\">Hier erfahren Sie, wie Sie unkompliziert online einen Termin f\u00fcr unsere vielf\u00e4ltigen Bau- und Reparaturdienste buchen k\u00f6nnen.<\/p>\n<\/div>\n<\/div>\n\n\n\n<div class=\"wp-block-group alignwide has-global-padding is-layout-constrained wp-block-group-is-layout-constrained\"><div id=\"sbw_z0hg2i_calendar\"><\/div><script type=\"text\/javascript\">function instantiateSimplyBookWidget() {    new SimplybookWidget({        \"widget_type\": \"iframe\",        \"url\": \"https:\/\/rsp6170560774.simplybook.it\",        \"theme\": \"default\",        \"theme_settings\": {\"timeline_show_end_time\":false,\"timeline_hide_unavailable\":true,\"hide_past_days\":false,\"hide_img_mode\":true,\"show_sidebar\":true,\"timeline_modern_display\":\"as_slots\",\"display_item_mode\":\"block\",\"sb_base_color\":\"#292929\",\"booking_nav_bg_color\":\"#ffffff\",\"body_bg_color\":\"#f7f7f7\",\"dark_font_color\":\"#494949\",\"light_font_color\":\"var(--wp--custom--elements--button--color--text)\",\"btn_color_1\":\"#ffffff\",\"sb_company_label_color\":\"#ffffff\",\"sb_busy\":\"#292929\",\"sb_available\":\"var(--wp--custom--elements--button--color--background)\",\"sb_review_image\":\"\",\"hide_company_label\":false,\"link_color\":\"var(--wp--custom--elements--button--color--background)\"},        \"timeline\": \"modern\",        \"datepicker\": \"top_calendar\",        \"is_rtl\": \"\",        \"app_config\": {            \"clear_session\": \"1\",            \"allow_switch_to_ada\": \"\",            \"predefined\": [],        },        \"container_id\": \"sbw_z0hg2i_calendar\"    });}document.addEventListener(\"DOMContentLoaded\", instantiateSimplyBookWidget);document.addEventListener(\"loadSimplyBookPreviewWidget\", instantiateSimplyBookWidget);<\/script><\/div>\n<\/div>\n","protected":false},"excerpt":{"rendered":"<p>Umfassende Mehrsprachen-Dienstleistungen f\u00fcr Bauprojekte Entdecken Sie unsere vielf\u00e4ltigen Angebote: Sanierung, Elektro, Malerarbeiten und mehr, stets mit h\u00f6chster Qualit\u00e4t und Kundenzufriedenheit. Sanierungsarbeiten Wir f\u00fchren Sanierungen durch, die genau auf Ihre Bed\u00fcrfnisse zugeschnitten sind. Elektroinstallationen Professionelle Elektroarbeiten f\u00fcr sichere und moderne Geb\u00e4udeinstallationen. Maler- und Lackierarbeiten Hochwertige Malerarbeiten, die Ihrem Zuhause neuen Glanz verleihen. M\u00f6belmontage in Torrevieja mit [&hellip;]<\/p>\n","protected":false},"author":1,"featured_media":0,"parent":0,"menu_order":0,"comment_status":"closed","ping_status":"closed","template":"page-with-title","meta":{"footnotes":""},"class_list":["post-28","page","type-page","status-publish","hentry"],"_links":{"self":[{"href":"https:\/\/cybnt-ec.com\/es_es\/wp-json\/wp\/v2\/pages\/28","targetHints":{"allow":["GET"]}}],"collection":[{"href":"https:\/\/cybnt-ec.com\/es_es\/wp-json\/wp\/v2\/pages"}],"about":[{"href":"https:\/\/cybnt-ec.com\/es_es\/wp-json\/wp\/v2\/types\/page"}],"author":[{"embeddable":true,"href":"https:\/\/cybnt-ec.com\/es_es\/wp-json\/wp\/v2\/users\/1"}],"replies":[{"embeddable":true,"href":"https:\/\/cybnt-ec.com\/es_es\/wp-json\/wp\/v2\/comments?post=28"}],"version-history":[{"count":2,"href":"https:\/\/cybnt-ec.com\/es_es\/wp-json\/wp\/v2\/pages\/28\/revisions"}],"predecessor-version":[{"id":99,"href":"https:\/\/cybnt-ec.com\/es_es\/wp-json\/wp\/v2\/pages\/28\/revisions\/99"}],"wp:attachment":[{"href":"https:\/\/cybnt-ec.com\/es_es\/wp-json\/wp\/v2\/media?parent=28"}],"curies":[{"name":"wp","href":"https:\/\/api.w.org\/{rel}","templated":true}]}}