{"id":32,"date":"2026-02-17T17:19:16","date_gmt":"2026-02-17T17:19:16","guid":{"rendered":"https:\/\/cybnt-ec.com\/portfolio\/"},"modified":"2026-02-17T17:19:51","modified_gmt":"2026-02-17T17:19:51","slug":"portfolio","status":"publish","type":"page","link":"https:\/\/cybnt-ec.com\/de_de\/portfolio\/","title":{"rendered":"Portfolio"},"content":{"rendered":"<div class=\"wp-block-group alignfull is-style-ext-preset--group--natural-1--section has-background-background-color has-background has-global-padding is-layout-constrained wp-container-core-group-is-layout-7276a2bb wp-block-group-is-layout-constrained\" style=\"margin-top:0;margin-bottom:0;padding-top:var(--wp--preset--spacing--60);padding-right:var(--wp--preset--spacing--30);padding-bottom:var(--wp--preset--spacing--60);padding-left:var(--wp--preset--spacing--30)\">\n<div class=\"wp-block-columns alignwide are-vertically-aligned-center is-layout-flex wp-container-core-columns-is-layout-47c06fe3 wp-block-columns-is-layout-flex\">\n<div class=\"wp-block-column is-vertically-aligned-center is-layout-flow wp-block-column-is-layout-flow\" style=\"flex-basis:60%\">\n<h2 class=\"wp-block-heading has-large-font-size\">Alexandra Maslov<\/h2>\n\n\n\n<p style=\"margin-top:8px\">Projektleiterin<\/p>\n\n\n\n<p style=\"margin-top:16px\">Mit umfangreicher Erfahrung in Bau- und Renovierungsprojekten sorgt sie f\u00fcr reibungslose Abl\u00e4ufe und h\u00f6chste Qualit\u00e4tsstandards bei allen Kundenauftr\u00e4gen.<\/p>\n\n\n\n<ul class=\"wp-block-social-links has-normal-icon-size has-icon-color is-style-logos-only is-layout-flex wp-container-core-social-links-is-layout-ec7a6dbc wp-block-social-links-is-layout-flex\" style=\"margin-top:var(--wp--preset--spacing--30)\"><li style=\"color:#0B0620;\" class=\"wp-social-link wp-social-link-linkedin has-foreground-color wp-block-social-link\"><a href=\"#\" class=\"wp-block-social-link-anchor\"><svg width=\"24\" height=\"24\" viewbox=\"0 0 24 24\" version=\"1.1\" xmlns=\"http:\/\/www.w3.org\/2000\/svg\" aria-hidden=\"true\" focusable=\"false\"><path d=\"M19.7,3H4.3C3.582,3,3,3.582,3,4.3v15.4C3,20.418,3.582,21,4.3,21h15.4c0.718,0,1.3-0.582,1.3-1.3V4.3 C21,3.582,20.418,3,19.7,3z M8.339,18.338H5.667v-8.59h2.672V18.338z M7.004,8.574c-0.857,0-1.549-0.694-1.549-1.548 c0-0.855,0.691-1.548,1.549-1.548c0.854,0,1.547,0.694,1.547,1.548C8.551,7.881,7.858,8.574,7.004,8.574z M18.339,18.338h-2.669 v-4.177c0-0.996-0.017-2.278-1.387-2.278c-1.389,0-1.601,1.086-1.601,2.206v4.249h-2.667v-8.59h2.559v1.174h0.037 c0.356-0.675,1.227-1.387,2.526-1.387c2.703,0,3.203,1.779,3.203,4.092V18.338z\"><\/path><\/svg><span class=\"wp-block-social-link-label screen-reader-text\">LinkedIn<\/span><\/a><\/li>\n\n<li style=\"color:#0B0620;\" class=\"wp-social-link wp-social-link-x has-foreground-color wp-block-social-link\"><a href=\"#\" class=\"wp-block-social-link-anchor\"><svg width=\"24\" height=\"24\" viewbox=\"0 0 24 24\" version=\"1.1\" xmlns=\"http:\/\/www.w3.org\/2000\/svg\" aria-hidden=\"true\" focusable=\"false\"><path d=\"M13.982 10.622 20.54 3h-1.554l-5.693 6.618L8.745 3H3.5l6.876 10.007L3.5 21h1.554l6.012-6.989L15.868 21h5.245l-7.131-10.378Zm-2.128 2.474-.697-.997-5.543-7.93H8l4.474 6.4.697.996 5.815 8.318h-2.387l-4.745-6.787Z\" \/><\/svg><span class=\"wp-block-social-link-label screen-reader-text\">X<\/span><\/a><\/li>\n\n<li style=\"color:#0B0620;\" class=\"wp-social-link wp-social-link-dribbble has-foreground-color wp-block-social-link\"><a href=\"#\" class=\"wp-block-social-link-anchor\"><svg width=\"24\" height=\"24\" viewbox=\"0 0 24 24\" version=\"1.1\" xmlns=\"http:\/\/www.w3.org\/2000\/svg\" aria-hidden=\"true\" focusable=\"false\"><path d=\"M12,22C6.486,22,2,17.514,2,12S6.486,2,12,2c5.514,0,10,4.486,10,10S17.514,22,12,22z M20.434,13.369 c-0.292-0.092-2.644-0.794-5.32-0.365c1.117,3.07,1.572,5.57,1.659,6.09C18.689,17.798,20.053,15.745,20.434,13.369z M15.336,19.876c-0.127-0.749-0.623-3.361-1.822-6.477c-0.019,0.006-0.038,0.013-0.056,0.019c-4.818,1.679-6.547,5.02-6.701,5.334 c1.448,1.129,3.268,1.803,5.243,1.803C13.183,20.555,14.311,20.313,15.336,19.876z M5.654,17.724 c0.193-0.331,2.538-4.213,6.943-5.637c0.111-0.036,0.224-0.07,0.337-0.102c-0.214-0.485-0.448-0.971-0.692-1.45 c-4.266,1.277-8.405,1.223-8.778,1.216c-0.003,0.087-0.004,0.174-0.004,0.261C3.458,14.207,4.29,16.21,5.654,17.724z M3.639,10.264 c0.382,0.005,3.901,0.02,7.897-1.041c-1.415-2.516-2.942-4.631-3.167-4.94C5.979,5.41,4.193,7.613,3.639,10.264z M9.998,3.709 c0.236,0.316,1.787,2.429,3.187,5c3.037-1.138,4.323-2.867,4.477-3.085C16.154,4.286,14.17,3.471,12,3.471 C11.311,3.471,10.641,3.554,9.998,3.709z M18.612,6.612C18.432,6.855,17,8.69,13.842,9.979c0.199,0.407,0.389,0.821,0.567,1.237 c0.063,0.148,0.124,0.295,0.184,0.441c2.842-0.357,5.666,0.215,5.948,0.275C20.522,9.916,19.801,8.065,18.612,6.612z\"><\/path><\/svg><span class=\"wp-block-social-link-label screen-reader-text\">Dribbble<\/span><\/a><\/li><\/ul>\n<\/div>\n\n\n\n<div class=\"wp-block-column is-vertically-aligned-center is-layout-flow wp-container-core-column-is-layout-f5bb311e wp-block-column-is-layout-flow\" style=\"flex-basis:50%\">\n<figure class=\"wp-block-image is-style-ext-preset--image--natural-1--image-1--content-bottom is-style-ext-preset--image--natural-1--image-1--content-bottom--2\"><img loading=\"lazy\" decoding=\"async\" width=\"1280\" height=\"1828\" class=\"wp-image-57\" src=\"https:\/\/cybnt-ec.com\/wp-content\/uploads\/2026\/02\/2b783ce0fcce64ff67550eff598174e761599f21.jpg\" alt=\"\" style=\"aspect-ratio:1;object-fit:cover\" srcset=\"https:\/\/cybnt-ec.com\/wp-content\/uploads\/2026\/02\/2b783ce0fcce64ff67550eff598174e761599f21.jpg 1280w, https:\/\/cybnt-ec.com\/wp-content\/uploads\/2026\/02\/2b783ce0fcce64ff67550eff598174e761599f21-210x300.jpg 210w, https:\/\/cybnt-ec.com\/wp-content\/uploads\/2026\/02\/2b783ce0fcce64ff67550eff598174e761599f21-717x1024.jpg 717w, https:\/\/cybnt-ec.com\/wp-content\/uploads\/2026\/02\/2b783ce0fcce64ff67550eff598174e761599f21-768x1097.jpg 768w, https:\/\/cybnt-ec.com\/wp-content\/uploads\/2026\/02\/2b783ce0fcce64ff67550eff598174e761599f21-1076x1536.jpg 1076w, https:\/\/cybnt-ec.com\/wp-content\/uploads\/2026\/02\/2b783ce0fcce64ff67550eff598174e761599f21-8x12.jpg 8w\" sizes=\"auto, (max-width: 1280px) 100vw, 1280px\" \/><\/figure>\n<\/div>\n<\/div>\n<\/div>\n\n<div class=\"wp-block-group alignfull is-style-ext-preset--group--natural-1--section has-tertiary-background-color has-background has-global-padding is-layout-constrained wp-container-core-group-is-layout-f72f1611 wp-block-group-is-layout-constrained\" id=\"galerie\" style=\"margin-top:0;margin-bottom:0;padding-top:var(--wp--preset--spacing--70);padding-bottom:var(--wp--preset--spacing--70)\">\n<div class=\"wp-block-group alignwide is-vertical is-layout-flex wp-container-core-group-is-layout-c35747d5 wp-block-group-is-layout-flex\">\n<div class=\"wp-block-group has-global-padding is-layout-constrained wp-container-core-group-is-layout-5e05634a wp-block-group-is-layout-constrained\">\n<h2 class=\"wp-block-heading\">Behagliche Fu\u00dfbodenheizungen f\u00fcr Ihr Zuhause<\/h2>\n\n\n\n<p class=\"has-text-align-left\">Dieser Bereich pr\u00e4sentiert eindrucksvolle Aufnahmen, die unsere vielf\u00e4ltigen Bau- und Renovierungsprojekte lebendig machen.<\/p>\n<\/div>\n<\/div>\n\n\n\n<div class=\"wp-block-columns alignwide is-layout-flex wp-container-core-columns-is-layout-87beb0d0 wp-block-columns-is-layout-flex\">\n<div class=\"wp-block-column is-vertically-aligned-stretch is-layout-flow wp-container-core-column-is-layout-f5bb311e wp-block-column-is-layout-flow\" style=\"flex-basis:50%\">\n<div class=\"wp-block-cover is-style-ext-preset--image--natural-1--image-1--content-top is-style-ext-preset--image--natural-1--image-1--content-top--4\" style=\"padding-top:0;padding-bottom:0;min-height:100%;aspect-ratio:unset;\"><img loading=\"lazy\" decoding=\"async\" width=\"1187\" height=\"1440\" class=\"wp-block-cover__image-background wp-image-50\" alt=\"\" src=\"https:\/\/cybnt-ec.com\/wp-content\/uploads\/2026\/02\/2df17b81da5d47adcf87659dbe2445968b66d8de.jpg\" data-object-fit=\"cover\" srcset=\"https:\/\/cybnt-ec.com\/wp-content\/uploads\/2026\/02\/2df17b81da5d47adcf87659dbe2445968b66d8de.jpg 1187w, https:\/\/cybnt-ec.com\/wp-content\/uploads\/2026\/02\/2df17b81da5d47adcf87659dbe2445968b66d8de-247x300.jpg 247w, https:\/\/cybnt-ec.com\/wp-content\/uploads\/2026\/02\/2df17b81da5d47adcf87659dbe2445968b66d8de-844x1024.jpg 844w, https:\/\/cybnt-ec.com\/wp-content\/uploads\/2026\/02\/2df17b81da5d47adcf87659dbe2445968b66d8de-768x932.jpg 768w, https:\/\/cybnt-ec.com\/wp-content\/uploads\/2026\/02\/2df17b81da5d47adcf87659dbe2445968b66d8de-10x12.jpg 10w\" sizes=\"auto, (max-width: 1187px) 100vw, 1187px\" \/><span aria-hidden=\"true\" class=\"wp-block-cover__background has-background-dim-0 has-background-dim\"><\/span><div class=\"wp-block-cover__inner-container is-layout-flow wp-block-cover-is-layout-flow\">\n<div style=\"height:240px\" aria-hidden=\"true\" class=\"wp-block-spacer\"><\/div>\n<\/div><\/div>\n<\/div>\n\n\n\n<div class=\"wp-block-column is-vertically-aligned-top is-layout-flow wp-container-core-column-is-layout-f5bb311e wp-block-column-is-layout-flow\">\n<figure class=\"wp-block-image is-style-ext-preset--image--natural-1--image-1--content-top is-style-ext-preset--image--natural-1--image-1--content-top--5\"><img loading=\"lazy\" decoding=\"async\" width=\"1152\" height=\"1440\" class=\"wp-image-54\" src=\"https:\/\/cybnt-ec.com\/wp-content\/uploads\/2026\/02\/6175ddc1226a07611a15883ff21bcb7e0064edba.jpg\" alt=\"\" style=\"aspect-ratio:1;object-fit:cover\" srcset=\"https:\/\/cybnt-ec.com\/wp-content\/uploads\/2026\/02\/6175ddc1226a07611a15883ff21bcb7e0064edba.jpg 1152w, https:\/\/cybnt-ec.com\/wp-content\/uploads\/2026\/02\/6175ddc1226a07611a15883ff21bcb7e0064edba-240x300.jpg 240w, https:\/\/cybnt-ec.com\/wp-content\/uploads\/2026\/02\/6175ddc1226a07611a15883ff21bcb7e0064edba-819x1024.jpg 819w, https:\/\/cybnt-ec.com\/wp-content\/uploads\/2026\/02\/6175ddc1226a07611a15883ff21bcb7e0064edba-768x960.jpg 768w, https:\/\/cybnt-ec.com\/wp-content\/uploads\/2026\/02\/6175ddc1226a07611a15883ff21bcb7e0064edba-10x12.jpg 10w\" sizes=\"auto, (max-width: 1152px) 100vw, 1152px\" \/><\/figure>\n\n\n\n<figure class=\"wp-block-image is-style-ext-preset--image--natural-1--image-1--content-top is-style-ext-preset--image--natural-1--image-1--content-top--6\"><img loading=\"lazy\" decoding=\"async\" width=\"1440\" height=\"960\" class=\"wp-image-64\" src=\"https:\/\/cybnt-ec.com\/wp-content\/uploads\/2026\/02\/a2b7a1ec9b122cb64f3d3744c1b097cf70181c7b.jpg\" alt=\"\" style=\"aspect-ratio:1;object-fit:cover\" srcset=\"https:\/\/cybnt-ec.com\/wp-content\/uploads\/2026\/02\/a2b7a1ec9b122cb64f3d3744c1b097cf70181c7b.jpg 1440w, https:\/\/cybnt-ec.com\/wp-content\/uploads\/2026\/02\/a2b7a1ec9b122cb64f3d3744c1b097cf70181c7b-300x200.jpg 300w, https:\/\/cybnt-ec.com\/wp-content\/uploads\/2026\/02\/a2b7a1ec9b122cb64f3d3744c1b097cf70181c7b-1024x683.jpg 1024w, https:\/\/cybnt-ec.com\/wp-content\/uploads\/2026\/02\/a2b7a1ec9b122cb64f3d3744c1b097cf70181c7b-768x512.jpg 768w, https:\/\/cybnt-ec.com\/wp-content\/uploads\/2026\/02\/a2b7a1ec9b122cb64f3d3744c1b097cf70181c7b-18x12.jpg 18w\" sizes=\"auto, (max-width: 1440px) 100vw, 1440px\" \/><\/figure>\n<\/div>\n\n\n\n<div class=\"wp-block-column is-vertically-aligned-top is-layout-flow wp-container-core-column-is-layout-f5bb311e wp-block-column-is-layout-flow\">\n<figure class=\"wp-block-image is-style-ext-preset--image--natural-1--image-1--content-top is-style-ext-preset--image--natural-1--image-1--content-top--7\"><img loading=\"lazy\" decoding=\"async\" width=\"1440\" height=\"960\" class=\"wp-image-62\" src=\"https:\/\/cybnt-ec.com\/wp-content\/uploads\/2026\/02\/24b2db1e2a49639f4adc5908ae22a43335fb5d95.jpg\" alt=\"\" style=\"aspect-ratio:1;object-fit:cover\" srcset=\"https:\/\/cybnt-ec.com\/wp-content\/uploads\/2026\/02\/24b2db1e2a49639f4adc5908ae22a43335fb5d95.jpg 1440w, https:\/\/cybnt-ec.com\/wp-content\/uploads\/2026\/02\/24b2db1e2a49639f4adc5908ae22a43335fb5d95-300x200.jpg 300w, https:\/\/cybnt-ec.com\/wp-content\/uploads\/2026\/02\/24b2db1e2a49639f4adc5908ae22a43335fb5d95-1024x683.jpg 1024w, https:\/\/cybnt-ec.com\/wp-content\/uploads\/2026\/02\/24b2db1e2a49639f4adc5908ae22a43335fb5d95-768x512.jpg 768w, https:\/\/cybnt-ec.com\/wp-content\/uploads\/2026\/02\/24b2db1e2a49639f4adc5908ae22a43335fb5d95-18x12.jpg 18w\" sizes=\"auto, (max-width: 1440px) 100vw, 1440px\" \/><\/figure>\n\n\n\n<figure class=\"wp-block-image is-style-ext-preset--image--natural-1--image-1--content-top is-style-ext-preset--image--natural-1--image-1--content-top--8\"><img loading=\"lazy\" decoding=\"async\" width=\"1440\" height=\"960\" class=\"wp-image-65\" src=\"https:\/\/cybnt-ec.com\/wp-content\/uploads\/2026\/02\/47ddcd2dd9e549069870770d91e1383862aeb001.jpg\" alt=\"\" style=\"aspect-ratio:1;object-fit:cover\" srcset=\"https:\/\/cybnt-ec.com\/wp-content\/uploads\/2026\/02\/47ddcd2dd9e549069870770d91e1383862aeb001.jpg 1440w, https:\/\/cybnt-ec.com\/wp-content\/uploads\/2026\/02\/47ddcd2dd9e549069870770d91e1383862aeb001-300x200.jpg 300w, https:\/\/cybnt-ec.com\/wp-content\/uploads\/2026\/02\/47ddcd2dd9e549069870770d91e1383862aeb001-1024x683.jpg 1024w, https:\/\/cybnt-ec.com\/wp-content\/uploads\/2026\/02\/47ddcd2dd9e549069870770d91e1383862aeb001-768x512.jpg 768w, https:\/\/cybnt-ec.com\/wp-content\/uploads\/2026\/02\/47ddcd2dd9e549069870770d91e1383862aeb001-18x12.jpg 18w\" sizes=\"auto, (max-width: 1440px) 100vw, 1440px\" \/><\/figure>\n<\/div>\n<\/div>\n<\/div>\n\n<div class=\"wp-block-group alignfull is-style-ext-preset--group--natural-1--section has-background-background-color has-background has-global-padding is-layout-constrained wp-container-core-group-is-layout-e955bbaf wp-block-group-is-layout-constrained\" id=\"dienstleistungen\" style=\"margin-top:0;margin-bottom:0;padding-top:var(--wp--preset--spacing--70);padding-bottom:var(--wp--preset--spacing--70)\">\n<div class=\"wp-block-group alignwide is-vertical is-layout-flex wp-container-core-group-is-layout-c35747d5 wp-block-group-is-layout-flex\">\n<div class=\"wp-block-group has-global-padding is-layout-constrained wp-container-core-group-is-layout-5e05634a wp-block-group-is-layout-constrained\">\n<h2 class=\"wp-block-heading\">Vielf\u00e4ltige Bauleistungen in drei Sprachen<\/h2>\n\n\n\n<p class=\"has-text-align-left\">Hier pr\u00e4sentieren wir unsere umfassenden Services, die Qualit\u00e4t und Kundenservice in den Mittelpunkt stellen.<\/p>\n<\/div>\n<\/div>\n\n\n\n<div class=\"wp-block-columns alignwide is-layout-flex wp-container-core-columns-is-layout-08c01c1c wp-block-columns-is-layout-flex\">\n<div class=\"wp-block-column is-vertically-aligned-stretch is-layout-flow wp-container-core-column-is-layout-119bc444 wp-block-column-is-layout-flow\">\n<div class=\"wp-block-media-text is-stacked-on-mobile is-image-fill-element is-style-ext-preset--media-text--natural-1--card-1 has-tertiary-background-color has-background is-style-ext-preset--media-text--natural-1--card-1--10\"><figure class=\"wp-block-media-text__media\"><img loading=\"lazy\" decoding=\"async\" width=\"1440\" height=\"960\" class=\"wp-image-47 size-full\" src=\"https:\/\/cybnt-ec.com\/wp-content\/uploads\/2026\/02\/659ff2fbb84db65f92450ecf420333afc7d8ab45.jpg\" alt=\"\" style=\"object-position:50% 50%\" srcset=\"https:\/\/cybnt-ec.com\/wp-content\/uploads\/2026\/02\/659ff2fbb84db65f92450ecf420333afc7d8ab45.jpg 1440w, https:\/\/cybnt-ec.com\/wp-content\/uploads\/2026\/02\/659ff2fbb84db65f92450ecf420333afc7d8ab45-300x200.jpg 300w, https:\/\/cybnt-ec.com\/wp-content\/uploads\/2026\/02\/659ff2fbb84db65f92450ecf420333afc7d8ab45-1024x683.jpg 1024w, https:\/\/cybnt-ec.com\/wp-content\/uploads\/2026\/02\/659ff2fbb84db65f92450ecf420333afc7d8ab45-768x512.jpg 768w, https:\/\/cybnt-ec.com\/wp-content\/uploads\/2026\/02\/659ff2fbb84db65f92450ecf420333afc7d8ab45-18x12.jpg 18w\" sizes=\"auto, (max-width: 1440px) 100vw, 1440px\" \/><\/figure><div class=\"wp-block-media-text__content\">\n<div class=\"wp-block-group is-style-default has-global-padding is-layout-constrained wp-container-core-group-is-layout-9a7b35d3 wp-block-group-is-layout-constrained\" style=\"padding-top:var(--wp--preset--spacing--40);padding-right:var(--wp--preset--spacing--30);padding-bottom:var(--wp--preset--spacing--40);padding-left:var(--wp--preset--spacing--30)\">\n<h3 class=\"wp-block-heading\" style=\"font-size:clamp(15.747px, 0.984rem + ((1vw - 3.2px) * 0.86), 24px);\">Sanierungsarbeiten<\/h3>\n\n\n\n<p class=\"has-small-font-size\">Wir k\u00fcmmern uns kompetent um Ihre Sanierungsprojekte, ma\u00dfgeschneidert nach Ihren W\u00fcnschen.<\/p>\n<\/div>\n<\/div><\/div>\n<\/div>\n\n\n\n<div class=\"wp-block-column is-vertically-aligned-stretch is-layout-flow wp-container-core-column-is-layout-119bc444 wp-block-column-is-layout-flow\">\n<div class=\"wp-block-media-text is-stacked-on-mobile is-image-fill-element is-style-ext-preset--media-text--natural-1--card-1 has-tertiary-background-color has-background is-style-ext-preset--media-text--natural-1--card-1--11\"><figure class=\"wp-block-media-text__media\"><img loading=\"lazy\" decoding=\"async\" width=\"1152\" height=\"1440\" class=\"wp-image-54 size-full\" src=\"https:\/\/cybnt-ec.com\/wp-content\/uploads\/2026\/02\/6175ddc1226a07611a15883ff21bcb7e0064edba.jpg\" alt=\"\" style=\"object-position:50% 50%\" srcset=\"https:\/\/cybnt-ec.com\/wp-content\/uploads\/2026\/02\/6175ddc1226a07611a15883ff21bcb7e0064edba.jpg 1152w, https:\/\/cybnt-ec.com\/wp-content\/uploads\/2026\/02\/6175ddc1226a07611a15883ff21bcb7e0064edba-240x300.jpg 240w, https:\/\/cybnt-ec.com\/wp-content\/uploads\/2026\/02\/6175ddc1226a07611a15883ff21bcb7e0064edba-819x1024.jpg 819w, https:\/\/cybnt-ec.com\/wp-content\/uploads\/2026\/02\/6175ddc1226a07611a15883ff21bcb7e0064edba-768x960.jpg 768w, https:\/\/cybnt-ec.com\/wp-content\/uploads\/2026\/02\/6175ddc1226a07611a15883ff21bcb7e0064edba-10x12.jpg 10w\" sizes=\"auto, (max-width: 1152px) 100vw, 1152px\" \/><\/figure><div class=\"wp-block-media-text__content\">\n<div class=\"wp-block-group is-style-default has-global-padding is-layout-constrained wp-container-core-group-is-layout-9a7b35d3 wp-block-group-is-layout-constrained\" style=\"padding-top:var(--wp--preset--spacing--40);padding-right:var(--wp--preset--spacing--30);padding-bottom:var(--wp--preset--spacing--40);padding-left:var(--wp--preset--spacing--30)\">\n<h3 class=\"wp-block-heading\" style=\"font-size:clamp(15.747px, 0.984rem + ((1vw - 3.2px) * 0.86), 24px);\">Elektroinstallationen<\/h3>\n\n\n\n<p class=\"has-small-font-size\">Fachgerechte Elektroarbeiten f\u00fcr sichere und effiziente L\u00f6sungen in Ihrem Zuhause.<\/p>\n<\/div>\n<\/div><\/div>\n<\/div>\n<\/div>\n\n\n\n<div class=\"wp-block-columns alignwide is-layout-flex wp-container-core-columns-is-layout-967d05ff wp-block-columns-is-layout-flex\" style=\"margin-top:var(--wp--preset--spacing--40)\">\n<div class=\"wp-block-column is-vertically-aligned-stretch is-layout-flow wp-container-core-column-is-layout-119bc444 wp-block-column-is-layout-flow\">\n<div class=\"wp-block-media-text is-stacked-on-mobile is-image-fill-element is-style-ext-preset--media-text--natural-1--card-1 has-tertiary-background-color has-background is-style-ext-preset--media-text--natural-1--card-1--12\"><figure class=\"wp-block-media-text__media\"><img loading=\"lazy\" decoding=\"async\" width=\"960\" height=\"1440\" class=\"wp-image-61 size-full\" src=\"https:\/\/cybnt-ec.com\/wp-content\/uploads\/2026\/02\/bd094deae0b472ef19e01233672b1f4832cb766b.jpg\" alt=\"\" style=\"object-position:50% 50%\" srcset=\"https:\/\/cybnt-ec.com\/wp-content\/uploads\/2026\/02\/bd094deae0b472ef19e01233672b1f4832cb766b.jpg 960w, https:\/\/cybnt-ec.com\/wp-content\/uploads\/2026\/02\/bd094deae0b472ef19e01233672b1f4832cb766b-200x300.jpg 200w, https:\/\/cybnt-ec.com\/wp-content\/uploads\/2026\/02\/bd094deae0b472ef19e01233672b1f4832cb766b-683x1024.jpg 683w, https:\/\/cybnt-ec.com\/wp-content\/uploads\/2026\/02\/bd094deae0b472ef19e01233672b1f4832cb766b-768x1152.jpg 768w, https:\/\/cybnt-ec.com\/wp-content\/uploads\/2026\/02\/bd094deae0b472ef19e01233672b1f4832cb766b-8x12.jpg 8w\" sizes=\"auto, (max-width: 960px) 100vw, 960px\" \/><\/figure><div class=\"wp-block-media-text__content\">\n<div class=\"wp-block-group is-style-default has-global-padding is-layout-constrained wp-container-core-group-is-layout-9a7b35d3 wp-block-group-is-layout-constrained\" style=\"padding-top:var(--wp--preset--spacing--40);padding-right:var(--wp--preset--spacing--30);padding-bottom:var(--wp--preset--spacing--40);padding-left:var(--wp--preset--spacing--30)\">\n<h3 class=\"wp-block-heading\" style=\"font-size:clamp(15.747px, 0.984rem + ((1vw - 3.2px) * 0.86), 24px);\">Malerarbeiten<\/h3>\n\n\n\n<p class=\"has-small-font-size\">Professionelle Anstriche, die Ihrem Raum neuen Glanz und Frische verleihen.<\/p>\n<\/div>\n<\/div><\/div>\n<\/div>\n\n\n\n<div class=\"wp-block-column is-vertically-aligned-stretch is-layout-flow wp-container-core-column-is-layout-119bc444 wp-block-column-is-layout-flow\">\n<div class=\"wp-block-media-text is-stacked-on-mobile is-image-fill-element is-style-ext-preset--media-text--natural-1--card-1 has-tertiary-background-color has-background is-style-ext-preset--media-text--natural-1--card-1--13\"><figure class=\"wp-block-media-text__media\"><img loading=\"lazy\" decoding=\"async\" width=\"1440\" height=\"960\" class=\"wp-image-62 size-full\" src=\"https:\/\/cybnt-ec.com\/wp-content\/uploads\/2026\/02\/24b2db1e2a49639f4adc5908ae22a43335fb5d95.jpg\" alt=\"\" style=\"object-position:50% 50%\" srcset=\"https:\/\/cybnt-ec.com\/wp-content\/uploads\/2026\/02\/24b2db1e2a49639f4adc5908ae22a43335fb5d95.jpg 1440w, https:\/\/cybnt-ec.com\/wp-content\/uploads\/2026\/02\/24b2db1e2a49639f4adc5908ae22a43335fb5d95-300x200.jpg 300w, https:\/\/cybnt-ec.com\/wp-content\/uploads\/2026\/02\/24b2db1e2a49639f4adc5908ae22a43335fb5d95-1024x683.jpg 1024w, https:\/\/cybnt-ec.com\/wp-content\/uploads\/2026\/02\/24b2db1e2a49639f4adc5908ae22a43335fb5d95-768x512.jpg 768w, https:\/\/cybnt-ec.com\/wp-content\/uploads\/2026\/02\/24b2db1e2a49639f4adc5908ae22a43335fb5d95-18x12.jpg 18w\" sizes=\"auto, (max-width: 1440px) 100vw, 1440px\" \/><\/figure><div class=\"wp-block-media-text__content\">\n<div class=\"wp-block-group is-style-default has-global-padding is-layout-constrained wp-container-core-group-is-layout-9a7b35d3 wp-block-group-is-layout-constrained\" style=\"padding-top:var(--wp--preset--spacing--40);padding-right:var(--wp--preset--spacing--30);padding-bottom:var(--wp--preset--spacing--40);padding-left:var(--wp--preset--spacing--30)\">\n<h3 class=\"wp-block-heading\" style=\"font-size:clamp(15.747px, 0.984rem + ((1vw - 3.2px) * 0.86), 24px);\">Fu\u00dfbodenheizungen<\/h3>\n\n\n\n<p class=\"has-small-font-size\">Moderne Heizsysteme, die Komfort und Energieeffizienz perfekt verbinden.<\/p>\n<\/div>\n<\/div><\/div>\n<\/div>\n<\/div>\n<\/div>","protected":false},"excerpt":{"rendered":"<p>Alexandra Maslov Projektleiterin Mit umfangreicher Erfahrung in Bau- und Renovierungsprojekten sorgt sie f\u00fcr reibungslose Abl\u00e4ufe und h\u00f6chste Qualit\u00e4tsstandards bei allen Kundenauftr\u00e4gen. Behagliche Fu\u00dfbodenheizungen f\u00fcr Ihr Zuhause Dieser Bereich pr\u00e4sentiert eindrucksvolle Aufnahmen, die unsere vielf\u00e4ltigen Bau- und Renovierungsprojekte lebendig machen. Vielf\u00e4ltige Bauleistungen in drei Sprachen Hier pr\u00e4sentieren wir unsere umfassenden Services, die Qualit\u00e4t und Kundenservice in [&hellip;]<\/p>\n","protected":false},"author":1,"featured_media":0,"parent":0,"menu_order":0,"comment_status":"closed","ping_status":"closed","template":"page-with-title","meta":{"footnotes":""},"class_list":["post-32","page","type-page","status-publish","hentry"],"_links":{"self":[{"href":"https:\/\/cybnt-ec.com\/de_de\/wp-json\/wp\/v2\/pages\/32","targetHints":{"allow":["GET"]}}],"collection":[{"href":"https:\/\/cybnt-ec.com\/de_de\/wp-json\/wp\/v2\/pages"}],"about":[{"href":"https:\/\/cybnt-ec.com\/de_de\/wp-json\/wp\/v2\/types\/page"}],"author":[{"embeddable":true,"href":"https:\/\/cybnt-ec.com\/de_de\/wp-json\/wp\/v2\/users\/1"}],"replies":[{"embeddable":true,"href":"https:\/\/cybnt-ec.com\/de_de\/wp-json\/wp\/v2\/comments?post=32"}],"version-history":[{"count":1,"href":"https:\/\/cybnt-ec.com\/de_de\/wp-json\/wp\/v2\/pages\/32\/revisions"}],"predecessor-version":[{"id":67,"href":"https:\/\/cybnt-ec.com\/de_de\/wp-json\/wp\/v2\/pages\/32\/revisions\/67"}],"wp:attachment":[{"href":"https:\/\/cybnt-ec.com\/de_de\/wp-json\/wp\/v2\/media?parent=32"}],"curies":[{"name":"wp","href":"https:\/\/api.w.org\/{rel}","templated":true}]}}