{"id":31,"date":"2026-02-17T17:19:16","date_gmt":"2026-02-17T17:19:16","guid":{"rendered":"https:\/\/cybnt-ec.com\/galerie\/"},"modified":"2026-02-17T17:19:51","modified_gmt":"2026-02-17T17:19:51","slug":"galerie","status":"publish","type":"page","link":"https:\/\/cybnt-ec.com\/de_de\/galerie\/","title":{"rendered":"Galerie"},"content":{"rendered":"<div class=\"wp-block-group alignfull is-style-ext-preset--group--natural-1--section has-background-background-color has-background has-global-padding is-layout-constrained wp-container-core-group-is-layout-f72f1611 wp-block-group-is-layout-constrained\" id=\"galerie\" style=\"margin-top:0;margin-bottom:0;padding-top:var(--wp--preset--spacing--70);padding-bottom:var(--wp--preset--spacing--70)\">\n<div class=\"wp-block-group alignwide is-vertical is-layout-flex wp-container-core-group-is-layout-c35747d5 wp-block-group-is-layout-flex\">\n<div class=\"wp-block-group has-global-padding is-layout-constrained wp-container-core-group-is-layout-5e05634a wp-block-group-is-layout-constrained\">\n<h2 class=\"wp-block-heading\">Sanierungen, die Wohnr\u00e4ume behaglich gestalten<\/h2>\n\n\n\n<p class=\"has-text-align-left\">Entdecken Sie hier beeindruckende Einblicke in unsere vielf\u00e4ltigen Bauprojekte und fachm\u00e4nnischen Arbeiten.<\/p>\n<\/div>\n<\/div>\n\n\n\n<div class=\"wp-block-columns alignwide are-vertically-aligned-top is-layout-flex wp-container-core-columns-is-layout-87beb0d0 wp-block-columns-is-layout-flex\">\n<div class=\"wp-block-column is-vertically-aligned-top is-layout-flow wp-container-core-column-is-layout-f5bb311e wp-block-column-is-layout-flow\">\n<figure class=\"wp-block-image is-style-ext-preset--image--natural-1--image-1--content-top is-style-ext-preset--image--natural-1--image-1--content-top--2\"><img loading=\"lazy\" decoding=\"async\" width=\"1440\" height=\"960\" class=\"wp-image-46\" src=\"https:\/\/cybnt-ec.com\/wp-content\/uploads\/2026\/02\/abe48ea0e6e1aed8abf6e2f275cc0d290689788d.jpg\" alt=\"\" style=\"aspect-ratio:1;object-fit:cover\" srcset=\"https:\/\/cybnt-ec.com\/wp-content\/uploads\/2026\/02\/abe48ea0e6e1aed8abf6e2f275cc0d290689788d.jpg 1440w, https:\/\/cybnt-ec.com\/wp-content\/uploads\/2026\/02\/abe48ea0e6e1aed8abf6e2f275cc0d290689788d-300x200.jpg 300w, https:\/\/cybnt-ec.com\/wp-content\/uploads\/2026\/02\/abe48ea0e6e1aed8abf6e2f275cc0d290689788d-1024x683.jpg 1024w, https:\/\/cybnt-ec.com\/wp-content\/uploads\/2026\/02\/abe48ea0e6e1aed8abf6e2f275cc0d290689788d-768x512.jpg 768w, https:\/\/cybnt-ec.com\/wp-content\/uploads\/2026\/02\/abe48ea0e6e1aed8abf6e2f275cc0d290689788d-18x12.jpg 18w\" sizes=\"auto, (max-width: 1440px) 100vw, 1440px\" \/><\/figure>\n\n\n\n<figure class=\"wp-block-image is-style-ext-preset--image--natural-1--image-1--content-top is-style-ext-preset--image--natural-1--image-1--content-top--3\"><img loading=\"lazy\" decoding=\"async\" width=\"1440\" height=\"810\" class=\"wp-image-52\" src=\"https:\/\/cybnt-ec.com\/wp-content\/uploads\/2026\/02\/7041fb3fc73f852a7908e634a6a0c9143eef6d64.jpg\" alt=\"\" style=\"aspect-ratio:1;object-fit:cover\" srcset=\"https:\/\/cybnt-ec.com\/wp-content\/uploads\/2026\/02\/7041fb3fc73f852a7908e634a6a0c9143eef6d64.jpg 1440w, https:\/\/cybnt-ec.com\/wp-content\/uploads\/2026\/02\/7041fb3fc73f852a7908e634a6a0c9143eef6d64-300x169.jpg 300w, https:\/\/cybnt-ec.com\/wp-content\/uploads\/2026\/02\/7041fb3fc73f852a7908e634a6a0c9143eef6d64-1024x576.jpg 1024w, https:\/\/cybnt-ec.com\/wp-content\/uploads\/2026\/02\/7041fb3fc73f852a7908e634a6a0c9143eef6d64-768x432.jpg 768w, https:\/\/cybnt-ec.com\/wp-content\/uploads\/2026\/02\/7041fb3fc73f852a7908e634a6a0c9143eef6d64-18x10.jpg 18w\" sizes=\"auto, (max-width: 1440px) 100vw, 1440px\" \/><\/figure>\n<\/div>\n\n\n\n<div class=\"wp-block-column is-vertically-aligned-top is-layout-flow wp-container-core-column-is-layout-f5bb311e wp-block-column-is-layout-flow\">\n<figure class=\"wp-block-image is-style-ext-preset--image--natural-1--image-1--content-top is-style-ext-preset--image--natural-1--image-1--content-top--4\"><img loading=\"lazy\" decoding=\"async\" width=\"1440\" height=\"960\" class=\"wp-image-53\" src=\"https:\/\/cybnt-ec.com\/wp-content\/uploads\/2026\/02\/b13ae54f33f51bb58b739856427dd2e22af3f5f9.jpg\" alt=\"\" style=\"aspect-ratio:1;object-fit:cover\" srcset=\"https:\/\/cybnt-ec.com\/wp-content\/uploads\/2026\/02\/b13ae54f33f51bb58b739856427dd2e22af3f5f9.jpg 1440w, https:\/\/cybnt-ec.com\/wp-content\/uploads\/2026\/02\/b13ae54f33f51bb58b739856427dd2e22af3f5f9-300x200.jpg 300w, https:\/\/cybnt-ec.com\/wp-content\/uploads\/2026\/02\/b13ae54f33f51bb58b739856427dd2e22af3f5f9-1024x683.jpg 1024w, https:\/\/cybnt-ec.com\/wp-content\/uploads\/2026\/02\/b13ae54f33f51bb58b739856427dd2e22af3f5f9-768x512.jpg 768w, https:\/\/cybnt-ec.com\/wp-content\/uploads\/2026\/02\/b13ae54f33f51bb58b739856427dd2e22af3f5f9-18x12.jpg 18w\" sizes=\"auto, (max-width: 1440px) 100vw, 1440px\" \/><\/figure>\n\n\n\n<figure class=\"wp-block-image is-style-ext-preset--image--natural-1--image-1--content-top is-style-ext-preset--image--natural-1--image-1--content-top--5\"><img loading=\"lazy\" decoding=\"async\" width=\"960\" height=\"1440\" class=\"wp-image-61\" src=\"https:\/\/cybnt-ec.com\/wp-content\/uploads\/2026\/02\/bd094deae0b472ef19e01233672b1f4832cb766b.jpg\" alt=\"\" style=\"aspect-ratio:1;object-fit:cover\" srcset=\"https:\/\/cybnt-ec.com\/wp-content\/uploads\/2026\/02\/bd094deae0b472ef19e01233672b1f4832cb766b.jpg 960w, https:\/\/cybnt-ec.com\/wp-content\/uploads\/2026\/02\/bd094deae0b472ef19e01233672b1f4832cb766b-200x300.jpg 200w, https:\/\/cybnt-ec.com\/wp-content\/uploads\/2026\/02\/bd094deae0b472ef19e01233672b1f4832cb766b-683x1024.jpg 683w, https:\/\/cybnt-ec.com\/wp-content\/uploads\/2026\/02\/bd094deae0b472ef19e01233672b1f4832cb766b-768x1152.jpg 768w, https:\/\/cybnt-ec.com\/wp-content\/uploads\/2026\/02\/bd094deae0b472ef19e01233672b1f4832cb766b-8x12.jpg 8w\" sizes=\"auto, (max-width: 960px) 100vw, 960px\" \/><\/figure>\n<\/div>\n\n\n\n<div class=\"wp-block-column is-vertically-aligned-top is-layout-flow wp-container-core-column-is-layout-f5bb311e wp-block-column-is-layout-flow\">\n<figure class=\"wp-block-image is-style-ext-preset--image--natural-1--image-1--content-top is-style-ext-preset--image--natural-1--image-1--content-top--6\"><img loading=\"lazy\" decoding=\"async\" width=\"1152\" height=\"1440\" class=\"wp-image-54\" src=\"https:\/\/cybnt-ec.com\/wp-content\/uploads\/2026\/02\/6175ddc1226a07611a15883ff21bcb7e0064edba.jpg\" alt=\"\" style=\"aspect-ratio:1;object-fit:cover\" srcset=\"https:\/\/cybnt-ec.com\/wp-content\/uploads\/2026\/02\/6175ddc1226a07611a15883ff21bcb7e0064edba.jpg 1152w, https:\/\/cybnt-ec.com\/wp-content\/uploads\/2026\/02\/6175ddc1226a07611a15883ff21bcb7e0064edba-240x300.jpg 240w, https:\/\/cybnt-ec.com\/wp-content\/uploads\/2026\/02\/6175ddc1226a07611a15883ff21bcb7e0064edba-819x1024.jpg 819w, https:\/\/cybnt-ec.com\/wp-content\/uploads\/2026\/02\/6175ddc1226a07611a15883ff21bcb7e0064edba-768x960.jpg 768w, https:\/\/cybnt-ec.com\/wp-content\/uploads\/2026\/02\/6175ddc1226a07611a15883ff21bcb7e0064edba-10x12.jpg 10w\" sizes=\"auto, (max-width: 1152px) 100vw, 1152px\" \/><\/figure>\n\n\n\n<figure class=\"wp-block-image is-style-ext-preset--image--natural-1--image-1--content-top is-style-ext-preset--image--natural-1--image-1--content-top--7\"><img loading=\"lazy\" decoding=\"async\" width=\"1440\" height=\"960\" class=\"wp-image-64\" src=\"https:\/\/cybnt-ec.com\/wp-content\/uploads\/2026\/02\/a2b7a1ec9b122cb64f3d3744c1b097cf70181c7b.jpg\" alt=\"\" style=\"aspect-ratio:1;object-fit:cover\" srcset=\"https:\/\/cybnt-ec.com\/wp-content\/uploads\/2026\/02\/a2b7a1ec9b122cb64f3d3744c1b097cf70181c7b.jpg 1440w, https:\/\/cybnt-ec.com\/wp-content\/uploads\/2026\/02\/a2b7a1ec9b122cb64f3d3744c1b097cf70181c7b-300x200.jpg 300w, https:\/\/cybnt-ec.com\/wp-content\/uploads\/2026\/02\/a2b7a1ec9b122cb64f3d3744c1b097cf70181c7b-1024x683.jpg 1024w, https:\/\/cybnt-ec.com\/wp-content\/uploads\/2026\/02\/a2b7a1ec9b122cb64f3d3744c1b097cf70181c7b-768x512.jpg 768w, https:\/\/cybnt-ec.com\/wp-content\/uploads\/2026\/02\/a2b7a1ec9b122cb64f3d3744c1b097cf70181c7b-18x12.jpg 18w\" sizes=\"auto, (max-width: 1440px) 100vw, 1440px\" \/><\/figure>\n<\/div>\n\n\n\n<div class=\"wp-block-column is-vertically-aligned-top is-layout-flow wp-container-core-column-is-layout-f5bb311e wp-block-column-is-layout-flow\">\n<figure class=\"wp-block-image is-style-ext-preset--image--natural-1--image-1--content-top is-style-ext-preset--image--natural-1--image-1--content-top--8\"><img loading=\"lazy\" decoding=\"async\" width=\"1440\" height=\"960\" class=\"wp-image-62\" src=\"https:\/\/cybnt-ec.com\/wp-content\/uploads\/2026\/02\/24b2db1e2a49639f4adc5908ae22a43335fb5d95.jpg\" alt=\"\" style=\"aspect-ratio:1;object-fit:cover\" srcset=\"https:\/\/cybnt-ec.com\/wp-content\/uploads\/2026\/02\/24b2db1e2a49639f4adc5908ae22a43335fb5d95.jpg 1440w, https:\/\/cybnt-ec.com\/wp-content\/uploads\/2026\/02\/24b2db1e2a49639f4adc5908ae22a43335fb5d95-300x200.jpg 300w, https:\/\/cybnt-ec.com\/wp-content\/uploads\/2026\/02\/24b2db1e2a49639f4adc5908ae22a43335fb5d95-1024x683.jpg 1024w, https:\/\/cybnt-ec.com\/wp-content\/uploads\/2026\/02\/24b2db1e2a49639f4adc5908ae22a43335fb5d95-768x512.jpg 768w, https:\/\/cybnt-ec.com\/wp-content\/uploads\/2026\/02\/24b2db1e2a49639f4adc5908ae22a43335fb5d95-18x12.jpg 18w\" sizes=\"auto, (max-width: 1440px) 100vw, 1440px\" \/><\/figure>\n\n\n\n<figure class=\"wp-block-image is-style-ext-preset--image--natural-1--image-1--content-top is-style-ext-preset--image--natural-1--image-1--content-top--9\"><img loading=\"lazy\" decoding=\"async\" width=\"1440\" height=\"960\" class=\"wp-image-65\" src=\"https:\/\/cybnt-ec.com\/wp-content\/uploads\/2026\/02\/47ddcd2dd9e549069870770d91e1383862aeb001.jpg\" alt=\"\" style=\"aspect-ratio:1;object-fit:cover\" srcset=\"https:\/\/cybnt-ec.com\/wp-content\/uploads\/2026\/02\/47ddcd2dd9e549069870770d91e1383862aeb001.jpg 1440w, https:\/\/cybnt-ec.com\/wp-content\/uploads\/2026\/02\/47ddcd2dd9e549069870770d91e1383862aeb001-300x200.jpg 300w, https:\/\/cybnt-ec.com\/wp-content\/uploads\/2026\/02\/47ddcd2dd9e549069870770d91e1383862aeb001-1024x683.jpg 1024w, https:\/\/cybnt-ec.com\/wp-content\/uploads\/2026\/02\/47ddcd2dd9e549069870770d91e1383862aeb001-768x512.jpg 768w, https:\/\/cybnt-ec.com\/wp-content\/uploads\/2026\/02\/47ddcd2dd9e549069870770d91e1383862aeb001-18x12.jpg 18w\" sizes=\"auto, (max-width: 1440px) 100vw, 1440px\" \/><\/figure>\n<\/div>\n<\/div>\n<\/div>\n\n<div class=\"wp-block-group alignfull is-style-ext-preset--group--natural-1--section has-tertiary-background-color has-background has-global-padding is-layout-constrained wp-block-group-is-layout-constrained\" id=\"ueber-uns\" style=\"margin-top:0;margin-bottom:0;padding-top:var(--wp--preset--spacing--70);padding-bottom:var(--wp--preset--spacing--70)\">\n<div class=\"wp-block-columns alignwide are-vertically-aligned-center is-layout-flex wp-container-core-columns-is-layout-174606dc wp-block-columns-is-layout-flex\">\n<div class=\"wp-block-column is-vertically-aligned-center is-layout-flow wp-block-column-is-layout-flow\">\n<figure class=\"wp-block-image is-style-ext-preset--image--natural-1--image-1--content-right is-style-ext-preset--image--natural-1--image-1--content-right--11\"><img loading=\"lazy\" decoding=\"async\" width=\"1152\" height=\"1440\" class=\"wp-image-54\" src=\"https:\/\/cybnt-ec.com\/wp-content\/uploads\/2026\/02\/6175ddc1226a07611a15883ff21bcb7e0064edba.jpg\" alt=\"\" style=\"aspect-ratio:1;object-fit:cover\" srcset=\"https:\/\/cybnt-ec.com\/wp-content\/uploads\/2026\/02\/6175ddc1226a07611a15883ff21bcb7e0064edba.jpg 1152w, https:\/\/cybnt-ec.com\/wp-content\/uploads\/2026\/02\/6175ddc1226a07611a15883ff21bcb7e0064edba-240x300.jpg 240w, https:\/\/cybnt-ec.com\/wp-content\/uploads\/2026\/02\/6175ddc1226a07611a15883ff21bcb7e0064edba-819x1024.jpg 819w, https:\/\/cybnt-ec.com\/wp-content\/uploads\/2026\/02\/6175ddc1226a07611a15883ff21bcb7e0064edba-768x960.jpg 768w, https:\/\/cybnt-ec.com\/wp-content\/uploads\/2026\/02\/6175ddc1226a07611a15883ff21bcb7e0064edba-10x12.jpg 10w\" sizes=\"auto, (max-width: 1152px) 100vw, 1152px\" \/><\/figure>\n<\/div>\n\n\n\n<div class=\"wp-block-column is-vertically-aligned-center is-layout-flow wp-block-column-is-layout-flow\">\n<div class=\"wp-block-group alignwide is-vertical is-layout-flex wp-container-core-group-is-layout-c35747d5 wp-block-group-is-layout-flex\">\n<div class=\"wp-block-group has-global-padding is-layout-constrained wp-container-core-group-is-layout-dd32767c wp-block-group-is-layout-constrained\">\n<h2 class=\"wp-block-heading\">Professionelle Sanierungen und Reparaturen in Torrevieja<\/h2>\n\n\n\n<p>CybNT-EC steht f\u00fcr Qualit\u00e4t und Zuverl\u00e4ssigkeit, um Ihre Bauprojekte effizient und fachgerecht umzusetzen.<\/p>\n<\/div>\n<\/div>\n<\/div>\n<\/div>\n<\/div>\n\n<div class=\"wp-block-group alignfull is-style-ext-preset--group--natural-1--section has-background-background-color has-background has-global-padding is-layout-constrained wp-container-core-group-is-layout-e955bbaf wp-block-group-is-layout-constrained\" id=\"funktionen\" style=\"margin-top:0;margin-bottom:0;padding-top:var(--wp--preset--spacing--70);padding-bottom:var(--wp--preset--spacing--70)\">\n<div class=\"wp-block-group alignwide is-vertical is-layout-flex wp-container-core-group-is-layout-c35747d5 wp-block-group-is-layout-flex\">\n<div class=\"wp-block-group has-global-padding is-layout-constrained wp-container-core-group-is-layout-5e05634a wp-block-group-is-layout-constrained\">\n<h2 class=\"wp-block-heading\">Meisterhafte Renovierungen f\u00fcr Ihr Zuhause<\/h2>\n\n\n\n<p class=\"has-text-align-left\">Entdecken Sie unsere vielseitigen Bauleistungen, die Qualit\u00e4t, Vielsprachigkeit und Zuverl\u00e4ssigkeit in Torrevieja vereinen.<\/p>\n<\/div>\n<\/div>\n\n\n\n<div class=\"wp-block-columns alignwide is-layout-flex wp-container-core-columns-is-layout-08c01c1c wp-block-columns-is-layout-flex\">\n<div class=\"wp-block-column is-vertically-aligned-stretch is-layout-flow wp-container-core-column-is-layout-f5bb311e wp-block-column-is-layout-flow\">\n<div class=\"wp-block-group is-style-ext-preset--group--natural-1--item-card-1--align-start has-global-padding is-layout-constrained wp-block-group-is-layout-constrained is-style-ext-preset--group--natural-1--item-card-1--align-start--13\">\n<div class=\"wp-block-group is-style-default has-global-padding is-layout-constrained wp-block-group-is-layout-constrained\">\n<div class=\"wp-block-group is-nowrap is-layout-flex wp-container-core-group-is-layout-64fa2afa wp-block-group-is-layout-flex\" style=\"padding-top:0;padding-right:0;padding-bottom:0;padding-left:0\">\n<figure class=\"wp-block-image size-large ext-aspect-landscape wp-duotone-primary-foreground\"><img decoding=\"async\" src=\"data:image\/svg+xml;base64,PHN2ZyB4bWxucz0iaHR0cDovL3d3dy53My5vcmcvMjAwMC9zdmciIHdpZHRoPSI0OCIgaGVpZ2h0PSI0OCIgZmlsbD0iIzAwMDAwMCIgdmlld0JveD0iMCAwIDI1NiAyNTYiPjxwYXRoIGQ9Ik0xNzIsNzZhNDQsNDQsMCwxLDAtNDQsNDRBNDQuMDUsNDQuMDUsMCwwLDAsMTcyLDc2Wm0tNDQsMjhhMjgsMjgsMCwxLDEsMjgtMjhBMjgsMjgsMCwwLDEsMTI4LDEwNFptNjAsMjRhNDQsNDQsMCwxLDAsNDQsNDRBNDQuMDUsNDQuMDUsMCwwLDAsMTg4LDEyOFptMCw3MmEyOCwyOCwwLDEsMSwyOC0yOEEyOCwyOCwwLDAsMSwxODgsMjAwWk02OCwxMjhhNDQsNDQsMCwxLDAsNDQsNDRBNDQuMDUsNDQuMDUsMCwwLDAsNjgsMTI4Wm0wLDcyYTI4LDI4LDAsMSwxLDI4LTI4QTI4LDI4LDAsMCwxLDY4LDIwMFoiPjwvcGF0aD48L3N2Zz4=\" alt=\"\" style=\"object-fit:cover\"\/><\/figure>\n\n\n\n<div class=\"wp-block-group wp-container-content-958eb9dc has-global-padding is-layout-constrained wp-container-core-group-is-layout-c06d165c wp-block-group-is-layout-constrained\" style=\"padding-top:0;padding-right:0;padding-bottom:0;padding-left:0\">\n<h3 class=\"wp-block-heading\">Sanierungen &amp; Reparaturen<\/h3>\n\n\n\n<p>Wir erneuern und verbessern Ihre R\u00e4ume mit pr\u00e4ziser Handwerkskunst.<\/p>\n<\/div>\n<\/div>\n<\/div>\n<\/div>\n<\/div>\n\n\n\n<div class=\"wp-block-column is-vertically-aligned-stretch is-layout-flow wp-container-core-column-is-layout-f5bb311e wp-block-column-is-layout-flow\">\n<div class=\"wp-block-group is-style-ext-preset--group--natural-1--item-card-1--align-start has-global-padding is-layout-constrained wp-block-group-is-layout-constrained is-style-ext-preset--group--natural-1--item-card-1--align-start--14\">\n<div class=\"wp-block-group is-style-default has-global-padding is-layout-constrained wp-block-group-is-layout-constrained\">\n<div class=\"wp-block-group is-nowrap is-layout-flex wp-container-core-group-is-layout-64fa2afa wp-block-group-is-layout-flex\" style=\"padding-top:0;padding-right:0;padding-bottom:0;padding-left:0\">\n<figure class=\"wp-block-image size-large ext-aspect-landscape wp-duotone-primary-foreground\"><img decoding=\"async\" src=\"data:image\/svg+xml;base64,PHN2ZyB4bWxucz0iaHR0cDovL3d3dy53My5vcmcvMjAwMC9zdmciIHdpZHRoPSI0OCIgaGVpZ2h0PSI0OCIgZmlsbD0iIzAwMDAwMCIgdmlld0JveD0iMCAwIDI1NiAyNTYiPjxwYXRoIGQ9Ik04MCw0MGE0MCw0MCwwLDEsMCw0MCw0MEE0MCw0MCwwLDAsMCw4MCw0MFptMCw2NGEyNCwyNCwwLDEsMSwyNC0yNEEyNCwyNCwwLDAsMSw4MCwxMDRabTk2LDE2YTQwLDQwLDAsMSwwLTQwLTQwQTQwLDQwLDAsMCwwLDE3NiwxMjBabTAtNjRhMjQsMjQsMCwxLDEtMjQsMjRBMjQsMjQsMCwwLDEsMTc2LDU2Wk04MCwxMzZhNDAsNDAsMCwxLDAsNDAsNDBBNDAsNDAsMCwwLDAsODAsMTM2Wm0wLDY0YTI0LDI0LDAsMSwxLDI0LTI0QTI0LDI0LDAsMCwxLDgwLDIwMFptOTYtNjRhNDAsNDAsMCwxLDAsNDAsNDBBNDAsNDAsMCwwLDAsMTc2LDEzNlptMCw2NGEyNCwyNCwwLDEsMSwyNC0yNEEyNCwyNCwwLDAsMSwxNzYsMjAwWiI+PC9wYXRoPjwvc3ZnPg==\" alt=\"\" style=\"object-fit:cover\"\/><\/figure>\n\n\n\n<div class=\"wp-block-group wp-container-content-958eb9dc has-global-padding is-layout-constrained wp-container-core-group-is-layout-c06d165c wp-block-group-is-layout-constrained\" style=\"padding-top:0;padding-right:0;padding-bottom:0;padding-left:0\">\n<h3 class=\"wp-block-heading\">Elektroinstallationen<\/h3>\n\n\n\n<p>Fachgerechte und sichere elektrische L\u00f6sungen f\u00fcr Ihr Projekt.<\/p>\n<\/div>\n<\/div>\n<\/div>\n<\/div>\n<\/div>\n\n\n\n<div class=\"wp-block-column is-vertically-aligned-stretch is-layout-flow wp-container-core-column-is-layout-f5bb311e wp-block-column-is-layout-flow\">\n<div class=\"wp-block-group is-style-ext-preset--group--natural-1--item-card-1--align-start has-global-padding is-layout-constrained wp-block-group-is-layout-constrained is-style-ext-preset--group--natural-1--item-card-1--align-start--15\">\n<div class=\"wp-block-group is-style-default has-global-padding is-layout-constrained wp-block-group-is-layout-constrained\">\n<div class=\"wp-block-group is-nowrap is-layout-flex wp-container-core-group-is-layout-64fa2afa wp-block-group-is-layout-flex\" style=\"padding-top:0;padding-right:0;padding-bottom:0;padding-left:0\">\n<figure class=\"wp-block-image size-large ext-aspect-landscape wp-duotone-primary-foreground\"><img decoding=\"async\" src=\"data:image\/svg+xml;base64,PHN2ZyB4bWxucz0iaHR0cDovL3d3dy53My5vcmcvMjAwMC9zdmciIHdpZHRoPSI0OCIgaGVpZ2h0PSI0OCIgZmlsbD0iIzAwMDAwMCIgdmlld0JveD0iMCAwIDI1NiAyNTYiPjxwYXRoIGQ9Ik04MCw0MGE0MCw0MCwwLDEsMCw0MCw0MEE0MCw0MCwwLDAsMCw4MCw0MFptMCw2NGEyNCwyNCwwLDEsMSwyNC0yNEEyNCwyNCwwLDAsMSw4MCwxMDRabTk2LDE2YTQwLDQwLDAsMSwwLTQwLTQwQTQwLDQwLDAsMCwwLDE3NiwxMjBabTAtNjRhMjQsMjQsMCwxLDEtMjQsMjRBMjQsMjQsMCwwLDEsMTc2LDU2Wk04MCwxMzZhNDAsNDAsMCwxLDAsNDAsNDBBNDAsNDAsMCwwLDAsODAsMTM2Wm0wLDY0YTI0LDI0LDAsMSwxLDI0LTI0QTI0LDI0LDAsMCwxLDgwLDIwMFptMTM2LTI0YTgsOCwwLDAsMS04LDhIMTg0djI0YTgsOCwwLDAsMS0xNiwwVjE4NEgxNDRhOCw4LDAsMCwxLDAtMTZoMjRWMTQ0YTgsOCwwLDAsMSwxNiwwdjI0aDI0QTgsOCwwLDAsMSwyMTYsMTc2WiI+PC9wYXRoPjwvc3ZnPg==\" alt=\"\" style=\"object-fit:cover\"\/><\/figure>\n\n\n\n<div class=\"wp-block-group wp-container-content-958eb9dc has-global-padding is-layout-constrained wp-container-core-group-is-layout-c06d165c wp-block-group-is-layout-constrained\" style=\"padding-top:0;padding-right:0;padding-bottom:0;padding-left:0\">\n<h3 class=\"wp-block-heading\">M\u00f6belmontage &amp; Fu\u00dfbodenheizung<\/h3>\n\n\n\n<p>Kompetente Montage und Installation f\u00fcr maximalen Komfort.<\/p>\n<\/div>\n<\/div>\n<\/div>\n<\/div>\n<\/div>\n<\/div>\n<\/div>","protected":false},"excerpt":{"rendered":"<p>Sanierungen, die Wohnr\u00e4ume behaglich gestalten Entdecken Sie hier beeindruckende Einblicke in unsere vielf\u00e4ltigen Bauprojekte und fachm\u00e4nnischen Arbeiten. Professionelle Sanierungen und Reparaturen in Torrevieja CybNT-EC steht f\u00fcr Qualit\u00e4t und Zuverl\u00e4ssigkeit, um Ihre Bauprojekte effizient und fachgerecht umzusetzen. Meisterhafte Renovierungen f\u00fcr Ihr Zuhause Entdecken Sie unsere vielseitigen Bauleistungen, die Qualit\u00e4t, Vielsprachigkeit und Zuverl\u00e4ssigkeit in Torrevieja vereinen. Sanierungen [&hellip;]<\/p>\n","protected":false},"author":1,"featured_media":0,"parent":0,"menu_order":0,"comment_status":"closed","ping_status":"closed","template":"page-with-title","meta":{"footnotes":""},"class_list":["post-31","page","type-page","status-publish","hentry"],"_links":{"self":[{"href":"https:\/\/cybnt-ec.com\/de_de\/wp-json\/wp\/v2\/pages\/31","targetHints":{"allow":["GET"]}}],"collection":[{"href":"https:\/\/cybnt-ec.com\/de_de\/wp-json\/wp\/v2\/pages"}],"about":[{"href":"https:\/\/cybnt-ec.com\/de_de\/wp-json\/wp\/v2\/types\/page"}],"author":[{"embeddable":true,"href":"https:\/\/cybnt-ec.com\/de_de\/wp-json\/wp\/v2\/users\/1"}],"replies":[{"embeddable":true,"href":"https:\/\/cybnt-ec.com\/de_de\/wp-json\/wp\/v2\/comments?post=31"}],"version-history":[{"count":1,"href":"https:\/\/cybnt-ec.com\/de_de\/wp-json\/wp\/v2\/pages\/31\/revisions"}],"predecessor-version":[{"id":66,"href":"https:\/\/cybnt-ec.com\/de_de\/wp-json\/wp\/v2\/pages\/31\/revisions\/66"}],"wp:attachment":[{"href":"https:\/\/cybnt-ec.com\/de_de\/wp-json\/wp\/v2\/media?parent=31"}],"curies":[{"name":"wp","href":"https:\/\/api.w.org\/{rel}","templated":true}]}}